{"id":2312,"date":"2021-05-24T15:35:36","date_gmt":"2021-05-24T08:35:36","guid":{"rendered":"https:\/\/hoanggiangfurniture.vn\/?page_id=2312"},"modified":"2021-10-17T21:42:00","modified_gmt":"2021-10-17T14:42:00","slug":"recruitment","status":"publish","type":"page","link":"https:\/\/ckhopthanh.vn\/en\/recruitment\/","title":{"rendered":"Recruitment"},"content":{"rendered":"<div id=\"tw-container\" data-cp=\"1\" data-is-ver=\"false\" data-nnttsvi=\"1\" data-sm=\"1\" data-sugg-time=\"500\" data-sugg-url=\"https:\/\/clients1.google.com\/complete\/search\" data-uilc=\"vi\">\n<div id=\"tw-ob\">\n<div style=\"text-align: center;\" tabindex=\"0\">\n<p>Th\u00f4ng tin Tuy\u1ec3n d\u1ee5ng :<br \/>\nC\u00f4ng Ty TNHH C\u01a1 Kh\u00ed H\u1ee3p Th\u00e0nh<br \/>\n\u0110\u1ecba \u0111i\u1ec3m l\u00e0m vi\u1ec7c : Th\u00f4n T\u00e2n Xu\u00e2n, X\u00e3 C\u00e1t Hanh, Huy\u1ec7n Ph\u00f9 C\u00e1t, T\u1ec9nh b\u00ecnh \u0110\u1ecbnh.<br \/>\nPh\u00f2ng nh\u00e2n s\u1ef1 :<br \/>\nEmail: nhansu@ckhopthanh.vn , SDT: 0346427821 , 02566 510777 g\u1eb7p Mr: Th\u1ed1ng<\/p>\n<p>&nbsp;<\/p>\n<\/div>\n<div id=\"tw-target\">\n<div id=\"kAz1tf\">\n<div style=\"text-align: center;\" tabindex=\"0\"><\/div>\n<div>\n<div id=\"tw-tmenu\"><\/div>\n<\/div>\n<\/div>\n<\/div>\n<\/div>\n<div id=\"tw-images\"><\/div>\n<div><\/div>\n<div>\n<div><\/div>\n<\/div>\n<\/div>\n<div><\/div>\n","protected":false},"excerpt":{"rendered":"<p>Th\u00f4ng tin Tuy\u1ec3n d\u1ee5ng : C\u00f4ng Ty TNHH C\u01a1 Kh\u00ed H\u1ee3p Th\u00e0nh \u0110\u1ecba \u0111i\u1ec3m l\u00e0m vi\u1ec7c : Th\u00f4n T\u00e2n Xu\u00e2n, X\u00e3 C\u00e1t Hanh, Huy\u1ec7n Ph\u00f9 C\u00e1t, T\u1ec9nh b\u00ecnh \u0110\u1ecbnh. Ph\u00f2ng nh\u00e2n s\u1ef1 : Email: nhansu@ckhopthanh.vn , SDT: 0346427821 , 02566 510777 g\u1eb7p Mr: Th\u1ed1ng &nbsp;<\/p>\n","protected":false},"author":1,"featured_media":2936,"parent":0,"menu_order":0,"comment_status":"closed","ping_status":"closed","template":"","meta":[],"_links":{"self":[{"href":"https:\/\/ckhopthanh.vn\/en\/wp-json\/wp\/v2\/pages\/2312"}],"collection":[{"href":"https:\/\/ckhopthanh.vn\/en\/wp-json\/wp\/v2\/pages"}],"about":[{"href":"https:\/\/ckhopthanh.vn\/en\/wp-json\/wp\/v2\/types\/page"}],"author":[{"embeddable":true,"href":"https:\/\/ckhopthanh.vn\/en\/wp-json\/wp\/v2\/users\/1"}],"replies":[{"embeddable":true,"href":"https:\/\/ckhopthanh.vn\/en\/wp-json\/wp\/v2\/comments?post=2312"}],"version-history":[{"count":2,"href":"https:\/\/ckhopthanh.vn\/en\/wp-json\/wp\/v2\/pages\/2312\/revisions"}],"predecessor-version":[{"id":3130,"href":"https:\/\/ckhopthanh.vn\/en\/wp-json\/wp\/v2\/pages\/2312\/revisions\/3130"}],"wp:featuredmedia":[{"embeddable":true,"href":"https:\/\/ckhopthanh.vn\/en\/wp-json\/wp\/v2\/media\/2936"}],"wp:attachment":[{"href":"https:\/\/ckhopthanh.vn\/en\/wp-json\/wp\/v2\/media?parent=2312"}],"curies":[{"name":"wp","href":"https:\/\/api.w.org\/{rel}","templated":true}]}}